{"id":554,"date":"2024-10-24T20:51:31","date_gmt":"2024-10-24T20:51:31","guid":{"rendered":"https:\/\/test2.real21.at\/?page_id=554"},"modified":"2024-10-26T18:00:57","modified_gmt":"2024-10-26T18:00:57","slug":"agbs","status":"publish","type":"page","link":"https:\/\/test3.real21.at\/?page_id=554","title":{"rendered":"AGBs"},"content":{"rendered":"\t\t<div data-elementor-type=\"wp-page\" data-elementor-id=\"554\" class=\"elementor elementor-554\">\n\t\t\t\t<div class=\"elementor-element elementor-element-c7f73c0 e-flex e-con-boxed e-con e-parent\" data-id=\"c7f73c0\" data-element_type=\"container\" data-e-type=\"container\">\n\t\t\t\t\t<div class=\"e-con-inner\">\n\t\t\t\t<div class=\"elementor-element elementor-element-b73562f elementor-widget elementor-widget-heading\" data-id=\"b73562f\" data-element_type=\"widget\" data-e-type=\"widget\" data-widget_type=\"heading.default\">\n\t\t\t\t<div class=\"elementor-widget-container\">\n\t\t\t\t\t<h2 class=\"elementor-heading-title elementor-size-default\">Allgemeine Gesch\u00e4fts\u00adbedingungen<\/h2>\t\t\t\t<\/div>\n\t\t\t\t<\/div>\n\t\t\t\t<div class=\"elementor-element elementor-element-c9f4d17 elementor-widget elementor-widget-text-editor\" data-id=\"c9f4d17\" data-element_type=\"widget\" data-e-type=\"widget\" data-widget_type=\"text-editor.default\">\n\t\t\t\t<div class=\"elementor-widget-container\">\n\t\t\t\t\t\t\t\t\t<p style=\"font-variant-ligatures: normal; font-variant-caps: normal; font-family: Poppins, sans-serif; font-size: 16px; font-style: normal; font-weight: 300;\"><span style=\"font-family: Poppins, sans-serif; font-size: 14px; font-style: normal; font-variant-ligatures: normal; font-variant-caps: normal; font-weight: 600; color: var( --e-global-color-text ); text-align: var(--text-align);\">Geltungsbereich&nbsp;<\/span><\/p><p style=\"font-variant-ligatures: normal; font-variant-caps: normal; font-family: Poppins, sans-serif; font-size: 16px; font-style: normal; font-weight: 300;\"><span style=\"font-size: 14px; color: var( --e-global-color-text ); text-align: var(--text-align);\">Diese Allgemeinen Gesch\u00e4ftsbedingungen (AGB) gelten f\u00fcr die Nutzung der Website https:\/\/test3.real21.at von Real 21 GmbH.<\/span><\/p>\n<p><strong>Haftungsausschluss<\/strong><\/p>\n<p>Die Nutzung dieser Website erfolgt auf eigene Gefahr. Wir \u00fcbernehmen keine Haftung f\u00fcr Sch\u00e4den, die durch die Nutzung der auf dieser Website bereitgestellten Informationen oder durch die Nutzung der Website selbst entstehen.<\/p>\n<p><strong>Externe Links<\/strong><\/p>\n<p>Unsere Website kann Links zu externen Websites Dritter enthalten, auf deren Inhalte wir keinen Einfluss haben. F\u00fcr die Inhalte der verlinkten Seiten ist stets der jeweilige Anbieter oder Betreiber der Seiten verantwortlich. Wir \u00fcbernehmen keine Haftung f\u00fcr die Inhalte externer Links.<\/p>\n<p><strong>Urheberrecht<\/strong><\/p>\n<p>Die auf dieser Website ver\u00f6ffentlichten Inhalte und Werke unterliegen dem Urheberrecht. Jede Vervielf\u00e4ltigung, Bearbeitung, Verbreitung und jede Art der Verwertung au\u00dferhalb der Grenzen des Urheberrechtes bedarf der schriftlichen Zustimmung des jeweiligen Autors bzw. Erstellers.<\/p>\n<p><strong>\u00c4nderungen der AGB<\/strong><\/p>\n<p>Wir behalten uns vor, diese AGB jederzeit ohne Nennung von Gr\u00fcnden zu \u00e4ndern. Die neuen AGB werden auf der Website ver\u00f6ffentlicht. Durch die weitere Nutzung der Website nach \u00c4nderung der AGB erkl\u00e4rt der Nutzer sein Einverst\u00e4ndnis mit den \u00c4nderungen.<\/p>\n<p><strong>Schlussbestimmungen<\/strong><\/p>\n<p>Sollten einzelne Bestimmungen dieser AGB unwirksam sein oder werden, bleibt die Wirksamkeit der \u00fcbrigen Bestimmungen unber\u00fchrt. Anstelle der unwirksamen Bestimmungen treten, soweit vorhanden, die gesetzlichen Vorschriften.<\/p>\t\t\t\t\t\t\t\t<\/div>\n\t\t\t\t<\/div>\n\t\t\t\t\t<\/div>\n\t\t\t\t<\/div>\n\t\t\t\t<\/div>\n\t\t","protected":false},"excerpt":{"rendered":"<p>Allgemeine Gesch\u00e4fts\u00adbedingungen Geltungsbereich&nbsp; Diese Allgemeinen Gesch\u00e4ftsbedingungen (AGB) gelten f\u00fcr die Nutzung der Website https:\/\/test3.real21.at von Real 21 GmbH. Haftungsausschluss Die Nutzung dieser Website erfolgt auf eigene Gefahr. Wir \u00fcbernehmen keine Haftung f\u00fcr Sch\u00e4den, die durch die Nutzung der auf dieser Website bereitgestellten Informationen oder durch die Nutzung der Website selbst entstehen. Externe Links Unsere Website [&hellip;]<\/p>\n","protected":false},"author":2,"featured_media":0,"parent":0,"menu_order":0,"comment_status":"closed","ping_status":"closed","template":"","meta":{"ocean_post_layout":"full-screen","ocean_both_sidebars_style":"","ocean_both_sidebars_content_width":0,"ocean_both_sidebars_sidebars_width":0,"ocean_sidebar":"","ocean_second_sidebar":"","ocean_disable_margins":"on","ocean_add_body_class":"","ocean_shortcode_before_top_bar":"","ocean_shortcode_after_top_bar":"","ocean_shortcode_before_header":"","ocean_shortcode_after_header":"","ocean_has_shortcode":"","ocean_shortcode_after_title":"","ocean_shortcode_before_footer_widgets":"","ocean_shortcode_after_footer_widgets":"","ocean_shortcode_before_footer_bottom":"","ocean_shortcode_after_footer_bottom":"","ocean_display_top_bar":"default","ocean_display_header":"default","ocean_header_style":"","ocean_center_header_left_menu":"","ocean_custom_header_template":"","ocean_custom_logo":0,"ocean_custom_retina_logo":0,"ocean_custom_logo_max_width":0,"ocean_custom_logo_tablet_max_width":0,"ocean_custom_logo_mobile_max_width":0,"ocean_custom_logo_max_height":0,"ocean_custom_logo_tablet_max_height":0,"ocean_custom_logo_mobile_max_height":0,"ocean_header_custom_menu":"","ocean_menu_typo_font_family":"","ocean_menu_typo_font_subset":"","ocean_menu_typo_font_size":0,"ocean_menu_typo_font_size_tablet":0,"ocean_menu_typo_font_size_mobile":0,"ocean_menu_typo_font_size_unit":"px","ocean_menu_typo_font_weight":"","ocean_menu_typo_font_weight_tablet":"","ocean_menu_typo_font_weight_mobile":"","ocean_menu_typo_transform":"","ocean_menu_typo_transform_tablet":"","ocean_menu_typo_transform_mobile":"","ocean_menu_typo_line_height":0,"ocean_menu_typo_line_height_tablet":0,"ocean_menu_typo_line_height_mobile":0,"ocean_menu_typo_line_height_unit":"","ocean_menu_typo_spacing":0,"ocean_menu_typo_spacing_tablet":0,"ocean_menu_typo_spacing_mobile":0,"ocean_menu_typo_spacing_unit":"","ocean_menu_link_color":"","ocean_menu_link_color_hover":"","ocean_menu_link_color_active":"","ocean_menu_link_background":"","ocean_menu_link_hover_background":"","ocean_menu_link_active_background":"","ocean_menu_social_links_bg":"","ocean_menu_social_hover_links_bg":"","ocean_menu_social_links_color":"","ocean_menu_social_hover_links_color":"","ocean_disable_title":"default","ocean_disable_heading":"default","ocean_post_title":"","ocean_post_subheading":"","ocean_post_title_style":"","ocean_post_title_background_color":"","ocean_post_title_background":0,"ocean_post_title_bg_image_position":"","ocean_post_title_bg_image_attachment":"","ocean_post_title_bg_image_repeat":"","ocean_post_title_bg_image_size":"","ocean_post_title_height":0,"ocean_post_title_bg_overlay":0.5,"ocean_post_title_bg_overlay_color":"","ocean_disable_breadcrumbs":"default","ocean_breadcrumbs_color":"","ocean_breadcrumbs_separator_color":"","ocean_breadcrumbs_links_color":"","ocean_breadcrumbs_links_hover_color":"","ocean_display_footer_widgets":"default","ocean_display_footer_bottom":"default","ocean_custom_footer_template":"","footnotes":""},"class_list":["post-554","page","type-page","status-publish","hentry","entry"],"_links":{"self":[{"href":"https:\/\/test3.real21.at\/index.php?rest_route=\/wp\/v2\/pages\/554","targetHints":{"allow":["GET"]}}],"collection":[{"href":"https:\/\/test3.real21.at\/index.php?rest_route=\/wp\/v2\/pages"}],"about":[{"href":"https:\/\/test3.real21.at\/index.php?rest_route=\/wp\/v2\/types\/page"}],"author":[{"embeddable":true,"href":"https:\/\/test3.real21.at\/index.php?rest_route=\/wp\/v2\/users\/2"}],"replies":[{"embeddable":true,"href":"https:\/\/test3.real21.at\/index.php?rest_route=%2Fwp%2Fv2%2Fcomments&post=554"}],"version-history":[{"count":14,"href":"https:\/\/test3.real21.at\/index.php?rest_route=\/wp\/v2\/pages\/554\/revisions"}],"predecessor-version":[{"id":658,"href":"https:\/\/test3.real21.at\/index.php?rest_route=\/wp\/v2\/pages\/554\/revisions\/658"}],"wp:attachment":[{"href":"https:\/\/test3.real21.at\/index.php?rest_route=%2Fwp%2Fv2%2Fmedia&parent=554"}],"curies":[{"name":"wp","href":"https:\/\/api.w.org\/{rel}","templated":true}]}}